{"id":14632,"date":"2024-04-24T09:13:00","date_gmt":"2024-04-24T05:43:00","guid":{"rendered":"https:\/\/bookplus.app\/?post_type=product&#038;p=14632"},"modified":"2024-08-17T12:42:30","modified_gmt":"2024-08-17T09:12:30","slug":"yedi-iklim-turkce-a1","status":"publish","type":"product","link":"https:\/\/bookplus.app\/fa\/product\/yedi-iklim-turkce-a1\/","title":{"rendered":"Yedi Ikl\u0131m T\u00fcrk\u00e7e A1"},"content":{"rendered":"","protected":false},"excerpt":{"rendered":"","protected":false},"featured_media":14634,"comment_status":"open","ping_status":"closed","template":"","meta":[],"product_brand":[],"product_cat":[660,93],"product_tag":[],"class_list":{"0":"post-14632","1":"product","2":"type-product","3":"status-publish","4":"has-post-thumbnail","6":"product_cat-yedi-iklim-turkce","7":"product_cat-turkish-language-book","9":"first","10":"instock","11":"shipping-taxable","12":"purchasable","13":"product-type-simple"},"_links":{"self":[{"href":"https:\/\/bookplus.app\/fa\/wp-json\/wp\/v2\/product\/14632","targetHints":{"allow":["GET"]}}],"collection":[{"href":"https:\/\/bookplus.app\/fa\/wp-json\/wp\/v2\/product"}],"about":[{"href":"https:\/\/bookplus.app\/fa\/wp-json\/wp\/v2\/types\/product"}],"replies":[{"embeddable":true,"href":"https:\/\/bookplus.app\/fa\/wp-json\/wp\/v2\/comments?post=14632"}],"wp:featuredmedia":[{"embeddable":true,"href":"https:\/\/bookplus.app\/fa\/wp-json\/wp\/v2\/media\/14634"}],"wp:attachment":[{"href":"https:\/\/bookplus.app\/fa\/wp-json\/wp\/v2\/media?parent=14632"}],"wp:term":[{"taxonomy":"product_brand","embeddable":true,"href":"https:\/\/bookplus.app\/fa\/wp-json\/wp\/v2\/product_brand?post=14632"},{"taxonomy":"product_cat","embeddable":true,"href":"https:\/\/bookplus.app\/fa\/wp-json\/wp\/v2\/product_cat?post=14632"},{"taxonomy":"product_tag","embeddable":true,"href":"https:\/\/bookplus.app\/fa\/wp-json\/wp\/v2\/product_tag?post=14632"}],"curies":[{"name":"wp","href":"https:\/\/api.w.org\/{rel}","templated":true}]}}