{"id":15298,"date":"2024-04-27T15:33:00","date_gmt":"2024-04-27T12:03:00","guid":{"rendered":"https:\/\/bookplus.app\/?post_type=product&#038;p=15298"},"modified":"2024-08-17T12:42:40","modified_gmt":"2024-08-17T09:12:40","slug":"kucuk-prens","status":"publish","type":"product","link":"https:\/\/bookplus.app\/fa\/product\/kucuk-prens\/","title":{"rendered":"K\u00fc\u00e7\u00fck Prens"},"content":{"rendered":"","protected":false},"excerpt":{"rendered":"","protected":false},"featured_media":15299,"comment_status":"open","ping_status":"closed","template":"","meta":[],"product_brand":[],"product_cat":[93],"product_tag":[],"class_list":{"0":"post-15298","1":"product","2":"type-product","3":"status-publish","4":"has-post-thumbnail","6":"product_cat-turkish-language-book","8":"first","9":"instock","10":"shipping-taxable","11":"purchasable","12":"product-type-simple"},"_links":{"self":[{"href":"https:\/\/bookplus.app\/fa\/wp-json\/wp\/v2\/product\/15298","targetHints":{"allow":["GET"]}}],"collection":[{"href":"https:\/\/bookplus.app\/fa\/wp-json\/wp\/v2\/product"}],"about":[{"href":"https:\/\/bookplus.app\/fa\/wp-json\/wp\/v2\/types\/product"}],"replies":[{"embeddable":true,"href":"https:\/\/bookplus.app\/fa\/wp-json\/wp\/v2\/comments?post=15298"}],"wp:featuredmedia":[{"embeddable":true,"href":"https:\/\/bookplus.app\/fa\/wp-json\/wp\/v2\/media\/15299"}],"wp:attachment":[{"href":"https:\/\/bookplus.app\/fa\/wp-json\/wp\/v2\/media?parent=15298"}],"wp:term":[{"taxonomy":"product_brand","embeddable":true,"href":"https:\/\/bookplus.app\/fa\/wp-json\/wp\/v2\/product_brand?post=15298"},{"taxonomy":"product_cat","embeddable":true,"href":"https:\/\/bookplus.app\/fa\/wp-json\/wp\/v2\/product_cat?post=15298"},{"taxonomy":"product_tag","embeddable":true,"href":"https:\/\/bookplus.app\/fa\/wp-json\/wp\/v2\/product_tag?post=15298"}],"curies":[{"name":"wp","href":"https:\/\/api.w.org\/{rel}","templated":true}]}}